{"id":3697,"date":"2022-01-27T13:43:56","date_gmt":"2022-01-27T12:43:56","guid":{"rendered":"https:\/\/www.neurodiverzita.cz\/?page_id=3697"},"modified":"2025-05-21T18:21:54","modified_gmt":"2025-05-21T17:21:54","slug":"terapie","status":"publish","type":"page","link":"https:\/\/www.neurodiverzita.cz\/en\/terapie\/","title":{"rendered":"Therapy for children, adolescents and adults"},"content":{"rendered":"<div class=\"gb-container gb-container-83475e6f\">\n<div class=\"trp-block-container\"><div class=\"trp_language_switcher_shortcode\">\n<div class=\"trp-language-switcher trp-language-switcher-container\" data-no-translation>\n    <div class=\"trp-ls-shortcode-current-language\">\n        <a href=\"#\" class=\"trp-ls-shortcode-disabled-language trp-ls-disabled-language\" title=\"English\" onclick=\"event.preventDefault()\">\n\t\t\t<img loading=\"lazy\" decoding=\"async\" class=\"trp-flag-image\" src=\"https:\/\/www.neurodiverzita.cz\/wp-content\/plugins\/translatepress-multilingual\/assets\/images\/flags\/en_US.png\" width=\"18\" height=\"12\" alt=\"en_US\" title=\"English\"> English\t\t<\/a>\n    <\/div>\n    <div class=\"trp-ls-shortcode-language\">\n                <a href=\"#\" class=\"trp-ls-shortcode-disabled-language trp-ls-disabled-language\"  title=\"English\" onclick=\"event.preventDefault()\">\n\t\t\t<img loading=\"lazy\" decoding=\"async\" class=\"trp-flag-image\" src=\"https:\/\/www.neurodiverzita.cz\/wp-content\/plugins\/translatepress-multilingual\/assets\/images\/flags\/en_US.png\" width=\"18\" height=\"12\" alt=\"en_US\" title=\"English\"> English\t\t<\/a>\n                    <a href=\"https:\/\/www.neurodiverzita.cz\/en\/wp-json\/wp\/v2\/pages\/3697\" title=\"\u010ce\u0161tina\">\n            <img loading=\"lazy\" decoding=\"async\" class=\"trp-flag-image\" src=\"https:\/\/www.neurodiverzita.cz\/wp-content\/plugins\/translatepress-multilingual\/assets\/images\/flags\/cs_CZ.png\" width=\"18\" height=\"12\" alt=\"cs_CZ\" title=\"\u010ce\u0161tina\"> \u010ce\u0161tina        <\/a>\n\n        <\/div>\n    <script type=\"application\/javascript\">\n        \/\/ need to have the same with set from JS on both divs. Otherwise it can push stuff around in HTML\n        var trp_ls_shortcodes = document.querySelectorAll('.trp_language_switcher_shortcode .trp-language-switcher');\n        if ( trp_ls_shortcodes.length > 0) {\n            \/\/ get the last language switcher added\n            var trp_el = trp_ls_shortcodes[trp_ls_shortcodes.length - 1];\n\n            var trp_shortcode_language_item = trp_el.querySelector( '.trp-ls-shortcode-language' )\n            \/\/ set width\n            var trp_ls_shortcode_width                                               = trp_shortcode_language_item.offsetWidth + 16;\n            trp_shortcode_language_item.style.width                                  = trp_ls_shortcode_width + 'px';\n            trp_el.querySelector( '.trp-ls-shortcode-current-language' ).style.width = trp_ls_shortcode_width + 'px';\n\n            \/\/ We're putting this on display: none after we have its width.\n            trp_shortcode_language_item.style.display = 'none';\n        }\n    <\/script>\n<\/div>\n<\/div><\/div>\n\n\n<div style=\"height:10px\" aria-hidden=\"true\" class=\"wp-block-spacer\"><\/div>\n\n<\/div>\n\n\n<p><strong>I offer my services to:<\/strong><\/p>\n\n\n\n<ul class=\"wp-block-list\">\n<li>children, adolescents and adults. If you are struggling, have been diagnosed with or suspect to have some form of diagnosis, have been through a traumatic event or just feel that you are not understood by those around you or that you could live a happier life, I am here for you.<\/li>\n\n\n\n<li>parents of children and teens who have received some kind of diagnosis or who struggle in life, are fearful or anxious, engage in self-harm, or have gone through a traumatic experience.<\/li>\n\n\n\n<li>professionals working with neurodivergent clients (<a href=\"https:\/\/www.neurodiverzita.cz\/supervize-prace-s-autistickymi-klienty\/\" title=\"Supervize pr\u00e1ce s neurodivergentn\u00edmi, nap\u0159\u00edklad autistick\u00fdmi, klienty\">supervize<\/a>)<\/li>\n<\/ul>\n\n\n\n<p><em><strong>Book a session by email<\/strong><br><a href=\"mailto:terapie@neurodiverzita.cz\">terapie@neurodiverzita.cz<\/a> - just let me know you want to book a session and we will arrange a time<\/em><\/p>\n\n\n\n<p>Terapie je bezpe\u010dn\u00fdm m\u00edstem, kde se prost\u0159ednictv\u00edm pravideln\u00fdch setk\u00e1v\u00e1n\u00ed spole\u010dn\u011b vyzn\u00e1v\u00e1me ve Va\u0161\u00ed \u017eivotn\u00ed situaci a tom, co V\u00e1s tr\u00e1p\u00ed, \u010demu pot\u0159ebujete l\u00e9pe porozum\u011bt, nebo co byste si p\u0159\u00e1li ve sv\u00e9m \u017eivot\u011b zm\u011bnit. M\u016f\u017ee j\u00edt o kr\u00e1tkodobou situaci, ve kter\u00e9 se pot\u0159ebujete zorientovat, ale \u010dast\u011bji jde o n\u011bco, co v\u00e1s prov\u00e1z\u00ed cel\u00fd \u017eivot a cht\u011bli byste o tom s n\u011bk\u00fdm mluvit. Nemus\u00edte se styd\u011bt: Mezi \u010dast\u00e1 t\u00e9mata, nad kter\u00fdmi se s klienty setk\u00e1v\u00e1m, pat\u0159\u00ed:<\/p>\n\n\n\n<ul class=\"wp-block-list\">\n<li>Things that worry children and adolescents or their parents.<\/li>\n\n\n\n<li>Anxiety, fear of failure, traumatic experiences, PTSD, poor sleep quality, nightmares, prolonged fatigue, learning and attention difficulties, sadness, confusion, anger, unpleasant memories, feelings of futility and loss of meaning in life, burnout, depression, panic attacks, suicidal thoughts, feelings of inadequacy, feelings of loneliness, feelings of worthlessness, a discrepancy between who I want to be and how others perceive me.<\/li>\n\n\n\n<li>Life crises, dark thoughts, inner voices, relationship problems - with partner, parents, children, work and business problems, childhood trauma, sadness, confusion. Feelings that you don't belong, that you are not accepted or that you must be \"from another planet\".<\/li>\n\n\n\n<li>Neurodivergence, queer, neuroqueer, LGBTQ+ and related gender and identity issues.<\/li>\n\n\n\n<li>Disability\/Diagnosis: Guidance through the process of diagnosis - official or self-diagnosis - and its impact on one's self-image and life. E.g. Autism, Asperger's, ADHD, OCD and others (various \"personality disorders\" etc.).<\/li>\n<\/ul>\n\n\n\n<p>The goal of therapeutic sessions is to increase quality of life and life satisfaction.<\/p>\n\n\n\n<figure class=\"wp-block-image size-full is-style-default\"><img loading=\"lazy\" decoding=\"async\" width=\"400\" height=\"300\" src=\"https:\/\/www.neurodiverzita.cz\/wp-content\/uploads\/2025\/03\/terapie-autismus-adhd-neurodiverzita-neurodivergence.jpg\" alt=\"\" class=\"wp-image-4479\" srcset=\"https:\/\/www.neurodiverzita.cz\/wp-content\/uploads\/2025\/03\/terapie-autismus-adhd-neurodiverzita-neurodivergence.jpg 400w, https:\/\/www.neurodiverzita.cz\/wp-content\/uploads\/2025\/03\/terapie-autismus-adhd-neurodiverzita-neurodivergence-300x225.jpg 300w, https:\/\/www.neurodiverzita.cz\/wp-content\/uploads\/2025\/03\/terapie-autismus-adhd-neurodiverzita-neurodivergence-16x12.jpg 16w\" sizes=\"auto, (max-width: 400px) 100vw, 400px\" \/><\/figure>\n\n\n\n<h2 class=\"gb-headline gb-headline-160063bd gb-headline-text\">Terms and Conditions<\/h2>\n\n\n\n<p class=\"has-pale-cyan-blue-background-color has-background\"><strong><em>Price: 60 EUR (1500 CZK) per 50 minutes<\/em><\/strong><br>I reserve the right to adjust the price according to the client's possibilities. If you are able to pay a higher amount, please let me know. The difference will be used to benefit clients who cannot afford to pay full price.<br>Cancellations made less than 48 hours in advance will be charged in full.<br>Persons under the age of 18 require the consent of a legal guardian.<br>Sessions take place at Senov\u00e1\u017en\u00e9 n\u00e1m\u011bst\u00ed 23, Praha 1 \u2013 Nov\u00e9 M\u011bsto 110 00<br>On-line sessions can be arranged. I am available to clients from the EU.<br>The content of the meeting is confidential. I am not under contract with any health insurance company.<br><br><a href=\"https:\/\/www.neurodiverzita.cz\/en\/terapie\/\" title=\"I am available in English and Czech.\">I am available in English and Czech.<\/a><\/p>\n\n\n\n<p><strong>Email<\/strong> <strong>to book a session<\/strong> <a href=\"mailto:terapie@neurodiverzita.cz\">terapie@neurodiverzita.cz<\/a><\/p>\n\n\n\n<p><strong>Book via SMS<\/strong> +420 775 274 281<\/p>\n\n\n\n<p><strong>Public transport<\/strong>: <br>Tramvaj &#8211; zast\u00e1vky Jind\u0159i\u0161sk\u00e1, Hlavn\u00ed n\u00e1dra\u017e\u00ed, Masarykovo n\u00e1dra\u017e\u00ed<br>Subway A,B,C \u2013 stops M\u016fstek, N\u00e1m\u011bst\u00ed Republiky, Hlavn\u00ed n\u00e1dra\u017e\u00ed<br>Train \u2013 Hlavn\u00ed n\u00e1dra\u017e\u00ed, Masarykovo n\u00e1dra\u017e\u00ed<br>Bus \u2013 Florenc station + walk or take subway \/ tram<br>Parking \u2013 most convenient at Hlavn\u00ed n\u00e1dra\u017e\u00ed parking lot, 5 minutes walking distance.<\/p>\n\n\n\n<p><strong>What happens in the first meeting?<\/strong><\/p>\n\n\n\n<p>I will listen to your story and what ails you and we will go from there.<\/p>\n\n\n\n<p><strong>How long does therapy take?<\/strong><\/p>\n\n\n\n<p>The duration of the therapeutic relationship always depends on the individual situation and life story. Ideally, the therapeutic relationship and the encounters last as long as the issues the client comes to therapy with and the difficulties they are causing in their lives are present.<\/p>\n\n\n\n<h2 class=\"gb-headline gb-headline-877ef4eb gb-headline-text\"><em><strong>About Me<\/strong><\/em><\/h2>\n\n\n\n<p>Mental health counseling is provided by Miklos Csemy, based on a trade license, university education and therapeutic training. Therapeutic counseling is subject to anonymised professional supervision by <a href=\"http:\/\/www.dr-pothe.com\/\">MUDr. Peter P\u00f6the<\/a>.<\/p>\n\n\n\n<p><em>I have been active in the field of autism, neurodiversity and mental health since 2012, <em>I offer counselling from 2022<em>, I work with EU based clients<\/em>.<\/em> I am the founder and editor of <a href=\"https:\/\/www.neurodiverzita.cz\/\" title=\"Neurodiverzita.cz\">Neurodiverzita.cz<\/a>, I published a number of <a href=\"https:\/\/www.neurodiverzita.cz\/knihy-o-autismu\/\" title=\"books on autism and Asperger&#039;s\">books on autism and Asperger's<\/a>. I regularly publish in <a href=\"https:\/\/casopis.aklcr.cz\/pdfs\/lkl\/2023\/02\/03.pdf\" title=\"professional journals\">professional journals<\/a>, <em>interviews (i.e. <a href=\"https:\/\/forbes.cz\/kdyz-vam-to-mysli-jinak-v-cem-muze-byt-adhd-nebo-asperger-byznysova-vyhoda\/\" title=\"Forbes\">Forbes<\/a>, <a href=\"https:\/\/open.spotify.com\/episode\/1ozwk8A4JUdt1aPA29Wlpb?si=ZnSdeumGT6eQwJlZ5l3_4w\" title=\"\">Jan Melvil Publishing<\/a>)<\/em> or here on the site. As part of my studies at Charles University, I completed a five-semester certificate program in Health Psychology (300 hours) under the guidance of its founders in the Czech Republic. I am trained in the Person Centered Approach (674 hours) and Developmental and Relational Therapy for Children and Adolescents (80 hours + individual supervision).<\/em> <em>I act as a lecturer or external lecturer in a number of therapy training programmes.<\/em><\/p>","protected":false},"excerpt":{"rendered":"<p>Sv\u00e9 slu\u017eby nab\u00edz\u00edm: Objednat sezen\u00ed p\u0159es emailterapie@neurodiverzita.cz &#8211; sta\u010d\u00ed d\u00e1t v\u011bd\u011bt, \u017ee chcete p\u0159ij\u00edt a domluv\u00edme se na term\u00ednu. Terapie je bezpe\u010dn\u00fdm m\u00edstem, kde se prost\u0159ednictv\u00edm pravideln\u00fdch setk\u00e1v\u00e1n\u00ed spole\u010dn\u011b vyzn\u00e1v\u00e1me ve Va\u0161\u00ed \u017eivotn\u00ed situaci a tom, co V\u00e1s tr\u00e1p\u00ed, \u010demu pot\u0159ebujete l\u00e9pe porozum\u011bt, nebo co byste si p\u0159\u00e1li ve sv\u00e9m \u017eivot\u011b zm\u011bnit. M\u016f\u017ee j\u00edt o&hellip; <br \/> <a class=\"read-more\" href=\"https:\/\/www.neurodiverzita.cz\/en\/terapie\/\">Read more<\/a><\/p>","protected":false},"author":1,"featured_media":0,"parent":0,"menu_order":0,"comment_status":"closed","ping_status":"closed","template":"","meta":{"iawp_total_views":9426,"footnotes":""},"class_list":["post-3697","page","type-page","status-publish","hentry"],"aioseo_notices":[],"_links":{"self":[{"href":"https:\/\/www.neurodiverzita.cz\/en\/wp-json\/wp\/v2\/pages\/3697","targetHints":{"allow":["GET"]}}],"collection":[{"href":"https:\/\/www.neurodiverzita.cz\/en\/wp-json\/wp\/v2\/pages"}],"about":[{"href":"https:\/\/www.neurodiverzita.cz\/en\/wp-json\/wp\/v2\/types\/page"}],"author":[{"embeddable":true,"href":"https:\/\/www.neurodiverzita.cz\/en\/wp-json\/wp\/v2\/users\/1"}],"replies":[{"embeddable":true,"href":"https:\/\/www.neurodiverzita.cz\/en\/wp-json\/wp\/v2\/comments?post=3697"}],"version-history":[{"count":61,"href":"https:\/\/www.neurodiverzita.cz\/en\/wp-json\/wp\/v2\/pages\/3697\/revisions"}],"predecessor-version":[{"id":4490,"href":"https:\/\/www.neurodiverzita.cz\/en\/wp-json\/wp\/v2\/pages\/3697\/revisions\/4490"}],"wp:attachment":[{"href":"https:\/\/www.neurodiverzita.cz\/en\/wp-json\/wp\/v2\/media?parent=3697"}],"curies":[{"name":"wp","href":"https:\/\/api.w.org\/{rel}","templated":true}]}}